{"id":693,"date":"2022-05-13T09:42:33","date_gmt":"2022-05-13T07:42:33","guid":{"rendered":"https:\/\/celestal.fr\/privacy-policy\/"},"modified":"2022-09-08T12:37:32","modified_gmt":"2022-09-08T10:37:32","slug":"privacy-policy","status":"publish","type":"page","link":"https:\/\/celestal.fr\/en\/privacy-policy\/","title":{"rendered":"Privacy Policy"},"content":{"rendered":"<p>[et_pb_section fb_built=&#8221;1&#8243; admin_label=&#8221;section&#8221; _builder_version=&#8221;4.17.4&#8243; background_color=&#8221;#FFFFFF&#8221; global_colors_info=&#8221;{}&#8221;][et_pb_row admin_label=&#8221;row&#8221; _builder_version=&#8221;4.16&#8243; background_size=&#8221;initial&#8221; background_position=&#8221;top_left&#8221; background_repeat=&#8221;repeat&#8221; global_colors_info=&#8221;{}&#8221;][et_pb_column type=&#8221;4_4&#8243; _builder_version=&#8221;4.16&#8243; custom_padding=&#8221;|||&#8221; global_colors_info=&#8221;{}&#8221; custom_padding__hover=&#8221;|||&#8221;][et_pb_text admin_label=&#8221;Text&#8221; _builder_version=&#8221;4.16&#8243; background_size=&#8221;initial&#8221; background_position=&#8221;top_left&#8221; background_repeat=&#8221;repeat&#8221; global_colors_info=&#8221;{}&#8221;]<\/p>\n<p>\n\n<h2 class=\"wp-block-heading\">Who are we?<\/h2>\n<p><\/p>\n<p>The address of our site is: http:\/\/www.celestal.fr.<\/p>\n<p><\/p>\n<h2 class=\"wp-block-heading\">Comments<\/h2>\n<p><strong class=\"privacy-policy-tutorial\"><\/strong>Quand vous laissez un commentaire sur notre site, les donn\u00e9es inscrites dans le formulaire de commentaire, mais aussi votre adresse IP et l\u2019agent utilisateur de votre navigateur sont collect\u00e9s pour nous aider \u00e0 la d\u00e9tection des commentaires ind\u00e9sirables.<\/p>\n<p><\/p>\n<p>An anonymized string created from your email address (also called a hash) can be sent to the Gravatar service to verify that you are using it. Gravatar&#8217;s privacy policy is available here: https:\/\/automattic.com\/privacy\/. After validation of your comment, your profile picture will be publicly visible next to your comment.<\/p>\n<p><\/p>\n<h2 class=\"wp-block-heading\">Media<\/h2>\n<p><strong class=\"privacy-policy-tutorial\"><\/strong>Si vous t\u00e9l\u00e9versez des images sur le site, nous vous conseillons d\u2019\u00e9viter de t\u00e9l\u00e9verser des images contenant des donn\u00e9es EXIF de coordonn\u00e9es GPS. Les personnes visitant votre site peuvent t\u00e9l\u00e9charger et extraire des donn\u00e9es de localisation depuis ces images.<\/p>\n<p><\/p>\n<h2 class=\"wp-block-heading\">Cookies<\/h2>\n<p><\/p>\n<p>If you leave a comment on our site, you will be asked to save your name, email address and site in cookies. This is only for your convenience so you don&#8217;t have to enter this information if you leave another comment later. These cookies expire after one year.<\/p>\n<p><\/p>\n<p>If you go to the login page, a temporary cookie will be set to determine if your browser accepts cookies. It does not contain any personal data and will be deleted automatically when you close your browser.<\/p>\n<p><\/p>\n<p>When you log in, we will set a number of cookies to store your login information and screen preferences. The lifetime of a connection cookie is two days, that of a screen option cookie is one year. If you check &#8220;Remember me&#8221;, your login cookie will be kept for two weeks. If you log out of your account, the login cookie will be deleted.<\/p>\n<p><\/p>\n<p>By editing or publishing a publication, an additional cookie will be stored in your browser. This cookie does not include any personal data. It simply indicates the ID of the publication you just modified. It expires after one day.<\/p>\n<p><\/p>\n<h2 class=\"wp-block-heading\">Embedded content from other sites<\/h2>\n<p><\/p>\n<p>Articles on this site may include embedded content (e.g. videos, images, articles&#8230;). Content embedded from other sites behaves in the same way as if the visitor were on that other site.<\/p>\n<p><\/p>\n<p>These websites may collect data about you, use cookies, embed third-party tracking tools, track your interactions with these embedded contents if you have an account logged on their website.<\/p>\n<p><\/p>\n<h2 class=\"wp-block-heading\">Use and transmission of your personal data<\/h2>\n<p><\/p>\n<p>If you request a password reset, your IP address will be included in the reset email.<\/p>\n<p><\/p>\n<h2 class=\"wp-block-heading\">How long your data is stored<\/h2>\n<p><\/p>\n<p>If you leave a comment, the comment and its metadata are kept indefinitely. This will automatically recognize and approve subsequent comments instead of leaving them in the moderation queue.<\/p>\n<p><\/p>\n<p>For accounts that register on our site (if any), we also store the personal data specified in their profile. All accounts can view, edit or delete their personal information at any time (with the exception of their login). Site managers can also view and modify this information.<\/p>\n<p><\/p>\n<h2 class=\"wp-block-heading\">The rights you have over your data<\/h2>\n<p><strong class=\"privacy-policy-tutorial\"><\/strong>Si vous avez un compte ou si vous avez laiss\u00e9 des commentaires sur le site, vous pouvez demander \u00e0 recevoir un fichier contenant toutes les donn\u00e9es personnelles que nous poss\u00e9dons \u00e0 votre sujet, incluant celles que vous nous avez fournies. Vous pouvez \u00e9galement demander la suppression des donn\u00e9es personnelles vous concernant. Cela ne prend pas en compte les donn\u00e9es stock\u00e9es \u00e0 des fins administratives, l\u00e9gales ou pour des raisons de s\u00e9curit\u00e9.<\/p>\n<p><\/p>\n<h2 class=\"wp-block-heading\">Transmission of your personal data<\/h2>\n<p><strong class=\"privacy-policy-tutorial\"><\/strong>Les commentaires des visiteurs peuvent \u00eatre v\u00e9rifi\u00e9s \u00e0 l\u2019aide d\u2019un service automatis\u00e9 de d\u00e9tection des commentaires ind\u00e9sirables.<\/p>\n<p><\/p><\/p>\n<p>[\/et_pb_text][\/et_pb_column][\/et_pb_row][\/et_pb_section]<\/p>\n","protected":false},"excerpt":{"rendered":"<p>Who are we? The address of our site is: http:\/\/www.celestal.fr. Comments Quand vous laissez un commentaire sur notre site, les donn\u00e9es inscrites dans le formulaire de commentaire, mais aussi votre adresse IP et l\u2019agent utilisateur de votre navigateur sont collect\u00e9s pour nous aider \u00e0 la d\u00e9tection des commentaires ind\u00e9sirables. An anonymized string created from your [&hellip;]<\/p>\n","protected":false},"author":1,"featured_media":0,"parent":0,"menu_order":0,"comment_status":"closed","ping_status":"closed","template":"","meta":{"_et_pb_use_builder":"on","_et_pb_old_content":"","_et_gb_content_width":"","footnotes":""},"class_list":["post-693","page","type-page","status-publish","hentry"],"_links":{"self":[{"href":"https:\/\/celestal.fr\/en\/wp-json\/wp\/v2\/pages\/693","targetHints":{"allow":["GET"]}}],"collection":[{"href":"https:\/\/celestal.fr\/en\/wp-json\/wp\/v2\/pages"}],"about":[{"href":"https:\/\/celestal.fr\/en\/wp-json\/wp\/v2\/types\/page"}],"author":[{"embeddable":true,"href":"https:\/\/celestal.fr\/en\/wp-json\/wp\/v2\/users\/1"}],"replies":[{"embeddable":true,"href":"https:\/\/celestal.fr\/en\/wp-json\/wp\/v2\/comments?post=693"}],"version-history":[{"count":3,"href":"https:\/\/celestal.fr\/en\/wp-json\/wp\/v2\/pages\/693\/revisions"}],"predecessor-version":[{"id":696,"href":"https:\/\/celestal.fr\/en\/wp-json\/wp\/v2\/pages\/693\/revisions\/696"}],"wp:attachment":[{"href":"https:\/\/celestal.fr\/en\/wp-json\/wp\/v2\/media?parent=693"}],"curies":[{"name":"wp","href":"https:\/\/api.w.org\/{rel}","templated":true}]}}